{"id":16,"date":"2009-01-17T17:17:14","date_gmt":"2009-01-17T16:17:14","guid":{"rendered":"http:\/\/vdm-design.de\/?page_id=16"},"modified":"2009-03-13T16:22:14","modified_gmt":"2009-03-13T15:22:14","slug":"termine","status":"publish","type":"page","link":"https:\/\/vdm-design.de\/?page_id=16","title":{"rendered":"Termine"},"content":{"rendered":"<h3>2009<\/h3>\n<p><a href=\"http:\/\/www.tcw.lu\/\">22.03.2009 &#8211; LM Neudorf (Lux)<\/a><br \/>\n<a href=\"http:\/\/msc-porz.de\/\">05.04.2009 &#8211; LF Trial Porz in Drees am N\u00fcrburgring<\/a><br \/>\n<a href=\"http:\/\/mfnk.de\/\">26.04.2009 &#8211; LF Trial Neuenkirchen (Saar)<\/a><br \/>\n<span style=\"text-decoration: line-through;\"><a href=\"http:\/\/www.rga-kempten.de\/\">02.05.2009 &#8211; 1. DM Kempten (Allg\u00e4u)<\/a><\/span> abgesagt<br \/>\n<span style=\"text-decoration: line-through;\"><a href=\"http:\/\/www.rga-kempten.de\/\">03.05.2009 &#8211; 2. DM Kempten (Allg\u00e4u)<\/a><\/span> abgesagt<br \/>\n<a href=\"http:\/\/www.tcw.lu\/\">10.05.2009 &#8211; LM Bertrix (B)<\/a><br \/>\n<a href=\"http:\/\/msc-dreckenach.de\/\">17.05.2009 &#8211; LF Trial Dreckenach<\/a><br \/>\n<a href=\"http:\/\/mitglied.lycos.de\/mscdilltal\/\">6.06.2009 &#8211; LF Trial A\u00dflar<\/a><br \/>\n<a href=\"http:\/\/mtc-saar.de\/\">13.06.2009 &#8211; LF Trial MTC Saar<\/a><br \/>\n<a href=\"http:\/\/mtc-saar.de\/\">14.06.2009 &#8211; LF Trial MTC Saar<\/a><br \/>\n<a href=\"http:\/\/msf-winningen.de\/\">28.06.2009 &#8211; LF Trial Winningen<\/a><br \/>\n<a href=\"http:\/\/www.msc-roehrnbach.de\/\">11.07.2009 &#8211; 3. DM R\u00f6hrnbach<\/a><br \/>\n<a href=\"http:\/\/www.msc-roehrnbach.de\/\">12.07.2009 &#8211; 4. DM R\u00f6hrnbach<\/a><br \/>\n<a href=\"http:\/\/www.tcw.lu\/\">26.07.2009 &#8211; LM Warken (Lux)<\/a><br \/>\n<a href=\"http:\/\/www.mscfreiergrund.de\/\">15.08.2009 &#8211; 5. DM Neunkirchen<\/a><br \/>\n<a href=\"http:\/\/www.mscfreiergrund.de\/\">16.08.2009 &#8211; 6. DM Neunkirchen<\/a><br \/>\n<a href=\"http:\/\/msc-herbede.de\/\">13.09.2009 &#8211; LF Trial Herbede<\/a><br \/>\n<a href=\"http:\/\/msc-osnabrueck.com\/\">03.10.2009 &#8211; 5. DM Osnabr\u00fcck<\/a><br \/>\n<a href=\"http:\/\/msc-osnabrueck.com\/\">04.10.2009 &#8211; 6. DM Osnabr\u00fcck<\/a><br \/>\n<a href=\"http:\/\/amc-kerzenheim.de\/\">18.10.2009 &#8211; LF Trial Kerzenheim<\/a><\/p>\n<h3>2008<\/h3>\n<p><a href=\"http:\/\/amc-kerzenheim.de\/\">02.03.2008 &#8211; LF Trial Kerzenheim<\/a><br \/>\n<a href=\"http:\/\/msc-porz.de\/\">06.04.2008 &#8211; LF Trial Porz in Drees am N\u00fcrburgring<\/a><br \/>\n<a href=\"http:\/\/mfnk.de\/\">20.04.2008 &#8211; LF Trial Neuenkirchen (Saar)<\/a><br \/>\n<a href=\"http:\/\/msc-herbede.de\/\">27.04.2008 &#8211; LF Trial Herbede<\/a><br \/>\n<a href=\"http:\/\/mscgrossheubach.de\/\">10.05.2008 &#8211; 1. DM Gro\u00dfheubach<\/a><br \/>\n<a href=\"http:\/\/mscgrossheubach.de\/\">22.05.2008 &#8211; 2. DM Gro\u00dfheubach<\/a><br \/>\n<a href=\"http:\/\/msc-dreckenach.de\/\">18.05.2008 &#8211; LF Trial Dreckenach<\/a><br \/>\n<a href=\"http:\/\/ims-schlierbachtal.de\/\">24.05.2008 &#8211; LF Trial Schlierbachtal<\/a><br \/>\n<a href=\"http:\/\/msf-winningen.de\/\">01.06.2008 &#8211; LF Trial Winningen<\/a><br \/>\n<a href=\"http:\/\/mtc-saar.de\/\">14.06.2008 &#8211; LF Trial MTC Saar<\/a><br \/>\n<a href=\"http:\/\/mtc-saar.de\/\">15.06.2008 &#8211; LF Trial MTC Saar<\/a><br \/>\n<a href=\"http:\/\/msc-dreckenach.de\/\">23.08.2008 &#8211; 3. DM Dreckenach<\/a><br \/>\n<a href=\"http:\/\/msc-dreckenach.de\/\">24.08.2008 &#8211; 4. DM Dreckenach<\/a><br \/>\n<a href=\"http:\/\/msc-osnabrueck.com\/\">04.10.2008 &#8211; 5. DM Osnabr\u00fcck<\/a><br \/>\n<a href=\"http:\/\/msc-osnabrueck.com\/\">05.10.2008 &#8211; 6. DM Osnabr\u00fcck<\/a><\/p>\n<h3>2007<\/h3>\n<p><a href=\"http:\/\/amc-kerzenheim.de\/\">04.03.2007 &#8211; LF Trial Kerzenheim<\/a><br \/>\n<a href=\"http:\/\/www.msc-bauschheim.de\/\">25.03.2007 &#8211; LF Trial Bauschheim<\/a><br \/>\n<a href=\"http:\/\/www.msc-porz.de\/\">29.04.2007 &#8211; LF Trial Porz<\/a><br \/>\n<a href=\"http:\/\/msc-werl.de\/\">01.05.2007 &#8211; LF Trial Werl<\/a><br \/>\n<a href=\"http:\/\/msc-dreckenach.de\/\">20.05.2007 &#8211; LF Trial Dreckenach<\/a><br \/>\n<a href=\"http:\/\/mscgrossheubach.de\/\">02.06.2007 &#8211; 1. DM Gro\u00dfheubach<\/a><br \/>\n<a href=\"http:\/\/mscgrossheubach.de\/\">03.06.2007 &#8211; 2. DM Gro\u00dfheubach<\/a><br \/>\n<a href=\"http:\/\/mtc-saar.de\/\">09.06.2007 &#8211; LF Trial MTC Saar<\/a><br \/>\n<a href=\"http:\/\/mtc-saar.de\/\">10.06.2007 &#8211; LF Trial MTC Saar<\/a><br \/>\n<a href=\"http:\/\/amc-holzkirchen.de\/\">23.06.2007 &#8211; 3. DM Holzkirchen<\/a><br \/>\n<a href=\"http:\/\/amc-holzkirchen.de\/\">24.06.2007 &#8211; 4. DM Rosenheim<\/a><br \/>\n<a href=\"http:\/\/msf-winningen.de\/\">01.07.2007 &#8211; LF Trial Winningen<\/a><br \/>\n<a href=\"http:\/\/mitglied.lycos.de\/msflinderhausen\/\">12.08.2007 &#8211; LF Trial Linderhausen<\/a><br \/>\n<a href=\"http:\/\/mc-ebstorf.privat.t-online.de\/\">27.08.2007 &#8211; 5. DM Schwemlitz<\/a><br \/>\n<a href=\"http:\/\/mc-ebstorf.privat.t-online.de\/\">28.08.2006 &#8211; 6. DM Schwemlitz<\/a><br \/>\n<a href=\"http:\/\/www.mscfreiergrund.de\/\">08.09.2007 &#8211; 7. DM Neunkirchen<\/a><br \/>\n<a href=\"http:\/\/www.mscfreiergrund.de\/\">09.09.2007 &#8211; 8. DM Neunkirchen<\/a><br \/>\n<a href=\"http:\/\/www.msc-roehrnbach.de\/\">15.09.2007 &#8211; 9. DM R\u00f6hrnbach<\/a><br \/>\n<a href=\"http:\/\/www.msc-roehrnbach.de\/\">16.09.2007 &#8211; 10. DM R\u00f6hrnbach<\/a><br \/>\n<a href=\"http:\/\/amc-kerzenheim.de\/\">14.10.2007 &#8211; LF Trial Kerzenheim<\/a><\/p>\n<h3>2006<\/h3>\n<p><a href=\"http:\/\/msc-porz.de\/\">26.03.2006 &#8211; LF Trial Gressenich<\/a><br \/>\n<a href=\"http:\/\/msc-werl.de\/\">01.05.2006 &#8211; LF Trial Werl<\/a><br \/>\n<a href=\"http:\/\/amc-kerzenheim.de\/\">14.05.2006 &#8211; LF Trial Kerzenheim<\/a><br \/>\n<a href=\"http:\/\/msv-hammelbach.de\/\">20.05.2006 &#8211; LF Trial Hammelbach<\/a><br \/>\n<a href=\"http:\/\/msc-dreckenach.de\/\">28.05.2006 &#8211; LF Trial Dreckenach<\/a><br \/>\n<a href=\"http:\/\/msf-winningen.de\/\">11.06.2006 &#8211; LF Trial Winningen<\/a><br \/>\n<a href=\"http:\/\/msc-herbede.de\/\">17.06.2006 &#8211; 1. DM Herbede<\/a><br \/>\n<a href=\"http:\/\/msc-herbede.de\/\">18.06.2006 &#8211; 2. DM Herbede<\/a><br \/>\n<a href=\"http:\/\/msc-schatthausen.de\/\">01.07.2006 &#8211; LF Trial Schatthausen<\/a><br \/>\n<a href=\"http:\/\/mtc-saar.de\/\">08.07.2006 &#8211; LF Trial MTC Saar<\/a><br \/>\n<a href=\"http:\/\/mtc-saar.de\/\">09.07.2006 &#8211; LF Trial MTC Saar<\/a><br \/>\n<a href=\"http:\/\/mitglied.lycos.de\/msflinderhausen\/\">20.08.2006 &#8211; LF Trial Linderhausen<\/a><br \/>\n<a href=\"http:\/\/msc-dreckenach.de\/\">26.08.2006 &#8211; 3. DM Dreckenach<\/a><br \/>\n<a href=\"http:\/\/msc-dreckenach.de\/\">27.08.2006 &#8211; 4. DM Dreckenach<\/a><br \/>\n<a href=\"http:\/\/msc-osnabrueck.com\/\">07.10.2006 &#8211; 5. DM Osnabr\u00fcck<\/a><br \/>\n<a href=\"http:\/\/msc-osnabrueck.com\/\">08.10.2006 &#8211; 6. DM Osnabr\u00fcck<\/a><br \/>\n<a href=\"http:\/\/amc-kerzenheim.de\/\">29.10.2006 &#8211; LF Trial Kerzenheim<\/a><\/p>\n<h3>2005<\/h3>\n<p><a href=\"http:\/\/mscgrossheubach.de\/\">09.04.2005 &#8211; 1. DM Gro\u00dfheubach<\/a><br \/>\n<a href=\"http:\/\/mscgrossheubach.de\/\">10.04.2005 &#8211; 2. DM Gro\u00dfheubach<\/a><br \/>\n<a href=\"http:\/\/msc-dreckenach.de\/\">08.05.2005 &#8211; LF Trial Dreckenach<\/a><br \/>\n<a href=\"http:\/\/mtg-kiefersfelden.de\/\">28.05.2005 &#8211; 3. DM Kiefersfelden<\/a><br \/>\n<a href=\"http:\/\/mtg-kiefersfelden.de\/\">29.05.2005 &#8211; 4. DM Kiefersfelden<\/a><br \/>\n<a href=\"http:\/\/amc-holzkirchen.de\/\">11.06.2005 &#8211; 5. DM Holzkirchen<\/a><br \/>\n<a href=\"http:\/\/amc-holzkirchen.de\/\">12.06.2005 &#8211; 6. DM Rosenheim<\/a><br \/>\n<a href=\"http:\/\/mc-ebstorf.privat.t-online.de\/\">20.08.2005 &#8211; 7. DM Schwemlitz<\/a><br \/>\n<a href=\"http:\/\/mc-ebstorf.privat.t-online.de\/\">21.08.2005 &#8211; 8. DM Schwemlitz<\/a><br \/>\n<a href=\"http:\/\/www.msc-osnabrueck.com\/\">22.10.2005 &#8211; 9. DM Osnabr\u00fcck<\/a><br \/>\n<a href=\"http:\/\/www.msc-osnabrueck.com\/\">23.10.2005 &#8211; 10. DM Osnabr\u00fcck<\/a><\/p>\n","protected":false},"excerpt":{"rendered":"<p>2009 22.03.2009 &#8211; LM Neudorf (Lux) 05.04.2009 &#8211; LF Trial Porz in Drees am N\u00fcrburgring 26.04.2009 &#8211; LF Trial Neuenkirchen (Saar) 02.05.2009 &#8211; 1. DM Kempten (Allg\u00e4u) abgesagt 03.05.2009 &#8211; 2. DM Kempten (Allg\u00e4u) abgesagt 10.05.2009 &#8211; LM Bertrix (B) 17.05.2009 &#8211; LF Trial Dreckenach 6.06.2009 &#8211; LF Trial A\u00dflar 13.06.2009 &#8211; LF Trial MTC [&hellip;]<\/p>\n","protected":false},"author":1,"featured_media":0,"parent":0,"menu_order":2,"comment_status":"open","ping_status":"open","template":"","meta":{"footnotes":""},"_links":{"self":[{"href":"https:\/\/vdm-design.de\/index.php?rest_route=\/wp\/v2\/pages\/16"}],"collection":[{"href":"https:\/\/vdm-design.de\/index.php?rest_route=\/wp\/v2\/pages"}],"about":[{"href":"https:\/\/vdm-design.de\/index.php?rest_route=\/wp\/v2\/types\/page"}],"author":[{"embeddable":true,"href":"https:\/\/vdm-design.de\/index.php?rest_route=\/wp\/v2\/users\/1"}],"replies":[{"embeddable":true,"href":"https:\/\/vdm-design.de\/index.php?rest_route=%2Fwp%2Fv2%2Fcomments&post=16"}],"version-history":[{"count":5,"href":"https:\/\/vdm-design.de\/index.php?rest_route=\/wp\/v2\/pages\/16\/revisions"}],"predecessor-version":[{"id":42,"href":"https:\/\/vdm-design.de\/index.php?rest_route=\/wp\/v2\/pages\/16\/revisions\/42"}],"wp:attachment":[{"href":"https:\/\/vdm-design.de\/index.php?rest_route=%2Fwp%2Fv2%2Fmedia&parent=16"}],"curies":[{"name":"wp","href":"https:\/\/api.w.org\/{rel}","templated":true}]}}